{"id":771,"date":"2025-03-04T16:41:04","date_gmt":"2025-03-04T15:41:04","guid":{"rendered":"https:\/\/bip.zsbolechowo.edu.pl\/?page_id=771"},"modified":"2025-03-24T18:31:09","modified_gmt":"2025-03-24T17:31:09","slug":"raporty-o-stanie-zapewniania-dostepnosci-podmiotu-publicznego","status":"publish","type":"page","link":"https:\/\/bip.zsbolechowo.edu.pl\/?page_id=771","title":{"rendered":"Raporty o stanie zapewniania dost\u0119pno\u015bci podmiotu publicznego"},"content":{"rendered":"<p>Zgodnie z obowi\u0105zkiem sprawozdawczym GUS, publikujemy raporty o stanie zapewniania dost\u0119pno\u015bci osobom ze szczeg\u00f3lnymi potrzebami.<\/p>\n<p><a href=\"https:\/\/bip.zsbolechowo.edu.pl\/wp-content\/uploads\/2025\/03\/wydruk-LO-poprawione.pdf\">RAPORT LICEUM OG\u00d3LNOKSZTA\u0141C\u0104CE<\/a><\/p>\n<p><a href=\"https:\/\/bip.zsbolechowo.edu.pl\/wp-content\/uploads\/2025\/03\/wydruk-LOD-poprawione.pdf\">RAPORT LICEUM DLA DOROS\u0141YCH<\/a><\/p>\n<p><a href=\"https:\/\/bip.zsbolechowo.edu.pl\/wp-content\/uploads\/2025\/03\/wydruk-Technikum-poprawione.pdf\">RAPORT TECHNIKUM<\/a><\/p>\n<p><a href=\"https:\/\/bip.zsbolechowo.edu.pl\/wp-content\/uploads\/2025\/03\/wydruk-BRANZOWA-SZKOLA-I-St-poprawione.pdf\">RAPORT BRAN\u017bOWA SZKO\u0141A I STOPNIA<\/a><\/p>\n","protected":false},"excerpt":{"rendered":"<p>Zgodnie z obowi\u0105zkiem sprawozdawczym GUS, publikujemy raporty o stanie zapewniania dost\u0119pno\u015bci osobom ze szczeg\u00f3lnymi potrzebami. RAPORT LICEUM OG\u00d3LNOKSZTA\u0141C\u0104CE RAPORT LICEUM DLA DOROS\u0141YCH RAPORT TECHNIKUM RAPORT BRAN\u017bOWA SZKO\u0141A I STOPNIA<\/p>\n","protected":false},"author":1,"featured_media":0,"parent":0,"menu_order":0,"comment_status":"closed","ping_status":"closed","template":"","meta":{"_lmt_disableupdate":"no","_lmt_disable":"","footnotes":""},"class_list":["post-771","page","type-page","status-publish","hentry","entry"],"yoast_head":"<!-- This site is optimized with the Yoast SEO plugin v20.5 - https:\/\/yoast.com\/wordpress\/plugins\/seo\/ -->\n<title>Raporty o stanie zapewniania dost\u0119pno\u015bci podmiotu publicznego - BIP Zespo\u0142u Szk\u00f3\u0142 im. Gen. Dezyderego Ch\u0142apowskiego w Bolechowie<\/title>\n<meta name=\"robots\" content=\"index, follow, max-snippet:-1, max-image-preview:large, max-video-preview:-1\" \/>\n<link rel=\"canonical\" href=\"https:\/\/bip.zsbolechowo.edu.pl\/?page_id=771\" \/>\n<meta property=\"og:locale\" content=\"pl_PL\" \/>\n<meta property=\"og:type\" content=\"article\" \/>\n<meta property=\"og:title\" content=\"Raporty o stanie zapewniania dost\u0119pno\u015bci podmiotu publicznego - BIP Zespo\u0142u Szk\u00f3\u0142 im. Gen. Dezyderego Ch\u0142apowskiego w Bolechowie\" \/>\n<meta property=\"og:description\" content=\"Zgodnie z obowi\u0105zkiem sprawozdawczym GUS, publikujemy raporty o stanie zapewniania dost\u0119pno\u015bci osobom ze szczeg\u00f3lnymi potrzebami. RAPORT LICEUM OG\u00d3LNOKSZTA\u0141C\u0104CE RAPORT LICEUM DLA DOROS\u0141YCH RAPORT TECHNIKUM RAPORT BRAN\u017bOWA SZKO\u0141A I STOPNIA\" \/>\n<meta property=\"og:url\" content=\"https:\/\/bip.zsbolechowo.edu.pl\/?page_id=771\" \/>\n<meta property=\"og:site_name\" content=\"BIP Zespo\u0142u Szk\u00f3\u0142 im. Gen. Dezyderego Ch\u0142apowskiego w Bolechowie\" \/>\n<meta property=\"article:modified_time\" content=\"2025-03-24T17:31:09+00:00\" \/>\n<meta name=\"twitter:card\" content=\"summary_large_image\" \/>\n<meta name=\"twitter:label1\" content=\"Szacowany czas czytania\" \/>\n\t<meta name=\"twitter:data1\" content=\"1 minuta\" \/>\n<script type=\"application\/ld+json\" class=\"yoast-schema-graph\">{\"@context\":\"https:\/\/schema.org\",\"@graph\":[{\"@type\":\"WebPage\",\"@id\":\"https:\/\/bip.zsbolechowo.edu.pl\/?page_id=771\",\"url\":\"https:\/\/bip.zsbolechowo.edu.pl\/?page_id=771\",\"name\":\"Raporty o stanie zapewniania dost\u0119pno\u015bci podmiotu publicznego - BIP Zespo\u0142u Szk\u00f3\u0142 im. Gen. Dezyderego Ch\u0142apowskiego w Bolechowie\",\"isPartOf\":{\"@id\":\"https:\/\/bip.zsbolechowo.edu.pl\/#website\"},\"datePublished\":\"2025-03-04T15:41:04+00:00\",\"dateModified\":\"2025-03-24T17:31:09+00:00\",\"breadcrumb\":{\"@id\":\"https:\/\/bip.zsbolechowo.edu.pl\/?page_id=771#breadcrumb\"},\"inLanguage\":\"pl-PL\",\"potentialAction\":[{\"@type\":\"ReadAction\",\"target\":[\"https:\/\/bip.zsbolechowo.edu.pl\/?page_id=771\"]}]},{\"@type\":\"BreadcrumbList\",\"@id\":\"https:\/\/bip.zsbolechowo.edu.pl\/?page_id=771#breadcrumb\",\"itemListElement\":[{\"@type\":\"ListItem\",\"position\":1,\"name\":\"Strona g\u0142\u00f3wna\",\"item\":\"https:\/\/bip.zsbolechowo.edu.pl\/\"},{\"@type\":\"ListItem\",\"position\":2,\"name\":\"Raporty o stanie zapewniania dost\u0119pno\u015bci podmiotu publicznego\"}]},{\"@type\":\"WebSite\",\"@id\":\"https:\/\/bip.zsbolechowo.edu.pl\/#website\",\"url\":\"https:\/\/bip.zsbolechowo.edu.pl\/\",\"name\":\"BIP Zespo\u0142u Szk\u00f3\u0142 im. Gen. Dezyderego Ch\u0142apowskiego w Bolechowie\",\"description\":\"Biuletyn Informacji Publicznej Zespo\u0142u Szk\u00f3\u0142 im. Gen. Dezyderego Ch\u0142apowskiego w Bolechowie\",\"potentialAction\":[{\"@type\":\"SearchAction\",\"target\":{\"@type\":\"EntryPoint\",\"urlTemplate\":\"https:\/\/bip.zsbolechowo.edu.pl\/?s={search_term_string}\"},\"query-input\":\"required name=search_term_string\"}],\"inLanguage\":\"pl-PL\"}]}<\/script>\n<!-- \/ Yoast SEO plugin. -->","yoast_head_json":{"title":"Raporty o stanie zapewniania dost\u0119pno\u015bci podmiotu publicznego - BIP Zespo\u0142u Szk\u00f3\u0142 im. Gen. Dezyderego Ch\u0142apowskiego w Bolechowie","robots":{"index":"index","follow":"follow","max-snippet":"max-snippet:-1","max-image-preview":"max-image-preview:large","max-video-preview":"max-video-preview:-1"},"canonical":"https:\/\/bip.zsbolechowo.edu.pl\/?page_id=771","og_locale":"pl_PL","og_type":"article","og_title":"Raporty o stanie zapewniania dost\u0119pno\u015bci podmiotu publicznego - BIP Zespo\u0142u Szk\u00f3\u0142 im. Gen. Dezyderego Ch\u0142apowskiego w Bolechowie","og_description":"Zgodnie z obowi\u0105zkiem sprawozdawczym GUS, publikujemy raporty o stanie zapewniania dost\u0119pno\u015bci osobom ze szczeg\u00f3lnymi potrzebami. RAPORT LICEUM OG\u00d3LNOKSZTA\u0141C\u0104CE RAPORT LICEUM DLA DOROS\u0141YCH RAPORT TECHNIKUM RAPORT BRAN\u017bOWA SZKO\u0141A I STOPNIA","og_url":"https:\/\/bip.zsbolechowo.edu.pl\/?page_id=771","og_site_name":"BIP Zespo\u0142u Szk\u00f3\u0142 im. Gen. Dezyderego Ch\u0142apowskiego w Bolechowie","article_modified_time":"2025-03-24T17:31:09+00:00","twitter_card":"summary_large_image","twitter_misc":{"Szacowany czas czytania":"1 minuta"},"schema":{"@context":"https:\/\/schema.org","@graph":[{"@type":"WebPage","@id":"https:\/\/bip.zsbolechowo.edu.pl\/?page_id=771","url":"https:\/\/bip.zsbolechowo.edu.pl\/?page_id=771","name":"Raporty o stanie zapewniania dost\u0119pno\u015bci podmiotu publicznego - BIP Zespo\u0142u Szk\u00f3\u0142 im. Gen. Dezyderego Ch\u0142apowskiego w Bolechowie","isPartOf":{"@id":"https:\/\/bip.zsbolechowo.edu.pl\/#website"},"datePublished":"2025-03-04T15:41:04+00:00","dateModified":"2025-03-24T17:31:09+00:00","breadcrumb":{"@id":"https:\/\/bip.zsbolechowo.edu.pl\/?page_id=771#breadcrumb"},"inLanguage":"pl-PL","potentialAction":[{"@type":"ReadAction","target":["https:\/\/bip.zsbolechowo.edu.pl\/?page_id=771"]}]},{"@type":"BreadcrumbList","@id":"https:\/\/bip.zsbolechowo.edu.pl\/?page_id=771#breadcrumb","itemListElement":[{"@type":"ListItem","position":1,"name":"Strona g\u0142\u00f3wna","item":"https:\/\/bip.zsbolechowo.edu.pl\/"},{"@type":"ListItem","position":2,"name":"Raporty o stanie zapewniania dost\u0119pno\u015bci podmiotu publicznego"}]},{"@type":"WebSite","@id":"https:\/\/bip.zsbolechowo.edu.pl\/#website","url":"https:\/\/bip.zsbolechowo.edu.pl\/","name":"BIP Zespo\u0142u Szk\u00f3\u0142 im. Gen. Dezyderego Ch\u0142apowskiego w Bolechowie","description":"Biuletyn Informacji Publicznej Zespo\u0142u Szk\u00f3\u0142 im. Gen. Dezyderego Ch\u0142apowskiego w Bolechowie","potentialAction":[{"@type":"SearchAction","target":{"@type":"EntryPoint","urlTemplate":"https:\/\/bip.zsbolechowo.edu.pl\/?s={search_term_string}"},"query-input":"required name=search_term_string"}],"inLanguage":"pl-PL"}]}},"_links":{"self":[{"href":"https:\/\/bip.zsbolechowo.edu.pl\/index.php?rest_route=\/wp\/v2\/pages\/771","targetHints":{"allow":["GET"]}}],"collection":[{"href":"https:\/\/bip.zsbolechowo.edu.pl\/index.php?rest_route=\/wp\/v2\/pages"}],"about":[{"href":"https:\/\/bip.zsbolechowo.edu.pl\/index.php?rest_route=\/wp\/v2\/types\/page"}],"author":[{"embeddable":true,"href":"https:\/\/bip.zsbolechowo.edu.pl\/index.php?rest_route=\/wp\/v2\/users\/1"}],"replies":[{"embeddable":true,"href":"https:\/\/bip.zsbolechowo.edu.pl\/index.php?rest_route=%2Fwp%2Fv2%2Fcomments&post=771"}],"version-history":[{"count":3,"href":"https:\/\/bip.zsbolechowo.edu.pl\/index.php?rest_route=\/wp\/v2\/pages\/771\/revisions"}],"predecessor-version":[{"id":784,"href":"https:\/\/bip.zsbolechowo.edu.pl\/index.php?rest_route=\/wp\/v2\/pages\/771\/revisions\/784"}],"wp:attachment":[{"href":"https:\/\/bip.zsbolechowo.edu.pl\/index.php?rest_route=%2Fwp%2Fv2%2Fmedia&parent=771"}],"curies":[{"name":"wp","href":"https:\/\/api.w.org\/{rel}","templated":true}]}}