{"id":643,"date":"2024-01-10T11:15:53","date_gmt":"2024-01-10T10:15:53","guid":{"rendered":"https:\/\/bip.zsbolechowo.edu.pl\/?page_id=643"},"modified":"2025-05-30T16:19:58","modified_gmt":"2025-05-30T14:19:58","slug":"wyniki-postepowan-2024","status":"publish","type":"page","link":"https:\/\/bip.zsbolechowo.edu.pl\/?page_id=643","title":{"rendered":"Wyniki post\u0119powa\u0144 2024"},"content":{"rendered":"<div class=\"default-style\">\n<div class=\"default-style\">\n<div class=\"default-style\">\n<div>\n<div>\n<div><\/div>\n<\/div>\n<\/div>\n<\/div>\n<\/div>\n<\/div>\n<p>&nbsp;<\/p>\n<p><span class=\"default-style\">W zwi\u0105zku z zako\u0144czeniem post\u0119powania z dnia 09.10.2024 roku obejmuj\u0105cego zam\u00f3wienie na\u00a0<strong>napraw\u0119 po\u0142aci dachowej na budynku szko\u0142y w Bolechowie wraz z napraw\u0105 rynny na przybud\u00f3wce dachowej przy wyj\u015bciu na dach<\/strong>,\u00a0 uprzejmie informuj\u0119, \u017ce oferty w wy\u017cej wymienionym post\u0119powaniu z\u0142o\u017cy\u0142y nast\u0119puj\u0105ce podmioty:<\/span><\/p>\n<div class=\"default-style\"><\/div>\n<div class=\"default-style\">\n<p>&#8211; MA-BUD US\u0141UGI REMONTOWO BUDOWLANE Agnieszka Budny, ul. Gnie\u017anie\u0144ska 22A,<\/p>\n<div>62-095 Murowana Go\u015blina;<\/div>\n<\/div>\n<div class=\"default-style\">\n<div>&#8211;\u00a0 Nowe Wn\u0119trza Sebastian Zabrocki, ul. Dolna 7, 61-680 Pozna\u0144;<\/div>\n<div class=\"default-style\">&#8211;\u00a0 Zak\u0142ad Instalacyjno-P\u0142ytkarski Jerzy Graj, ul. Szkolna 8\/8A, 62-095 Murowana Go\u015blina.<\/div>\n<div class=\"default-style\"><\/div>\n<p>W wyniku zako\u0144czenia post\u0119powania obejmuj\u0105cego wy\u017cej wymienione zam\u00f3wienie, na podstawie przyj\u0119tych kryteri\u00f3w oceny ofert, wybrano ofert\u0119 firmy MA-BUD US\u0141UGI REMONTOWO BUDOWLANE Agnieszka Budny, ul. Gnie\u017anie\u0144ska 22A, 62-095 Murowana Go\u015blina.<\/p>\n<p>&nbsp;<\/p>\n<\/div>\n<div><\/div>\n<div><\/div>\n<div>\n<hr \/>\n<\/div>\n<div><\/div>\n<p>&nbsp;<\/p>\n<p><span class=\"default-style\">W zwi\u0105zku z zako\u0144czeniem post\u0119powania z dnia 05.07.2024 roku obejmuj\u0105cego zam\u00f3wienie na\u00a0<strong>us\u0142ug\u0119 monta\u017cu systemu kontroli dost\u0119pu; us\u0142ug\u0119 monta\u017cu systemu klucza generalnego<\/strong>,\u00a0 uprzejmie informuj\u0119, \u017ce ofert\u0119 w wy\u017cej wymienionym post\u0119powaniu z\u0142o\u017cy\u0142a firma : &#8221;FIRMA ZABEZPIECZENIOWA BARKEY&#8221;.<\/span><\/p>\n<div class=\"default-style\">\n<div><\/div>\n<div class=\"default-style\">W wyniku zako\u0144czenia post\u0119powania obejmuj\u0105cego wy\u017cej wymienione zam\u00f3wienie, na podstawie przyj\u0119tych kryteri\u00f3w oceny ofert, wybrano ofert\u0119 firmy FIRMA ZABEZPIECZENIOWA BARKEY, ul. Dziurawcowa 20, 61-680 Pozna\u0144.<\/div>\n<div><\/div>\n<div><\/div>\n<\/div>\n<div><\/div>\n<hr \/>\n<p>&nbsp;<\/p>\n<p>&nbsp;<\/p>\n<p><span class=\"default-style\">W zwi\u0105zku z zako\u0144czeniem post\u0119powania z dnia 10.01.2024 roku obejmuj\u0105cego zam\u00f3wienie na\u00a0<strong>zakup toner\u00f3w do urz\u0105dze\u0144 drukuj\u0105cych w roku 2024 w ZS Bolechowo<\/strong>,\u00a0 uprzejmie informuj\u0119, \u017ce oferty w wy\u017cej wymienionym post\u0119powaniu z\u0142o\u017cy\u0142y nast\u0119puj\u0105ce podmioty:<\/span><\/p>\n<div class=\"default-style\"><\/div>\n<div class=\"default-style\">&#8211; TECH-INFO Oprogramowanie dla firm, ul. Ma\u0142achowskiego 8\/P1, 61-129 Pozna\u0144<\/div>\n<div class=\"default-style\">\n<div>&#8211; Hartcom Dariusz Hartmann, ul. Ogrodnicza 47, 62-002 Suchy Las<\/div>\n<div class=\"default-style\">&#8211; PRYZMAT, ul. Grochowska 45a, 60-277 Pozna\u0144<\/div>\n<div class=\"default-style\"><\/div>\n<p>W wyniku zako\u0144czenia post\u0119powania obejmuj\u0105cego wy\u017cej wymienione zam\u00f3wienie, na podstawie przyj\u0119tych kryteri\u00f3w oceny ofert,\u00a0 wybrano ofert\u0119 firmy PRYZMAT, ul. Grochowska 45a, 60-277 Pozna\u0144.<\/p>\n<\/div>\n<p>&nbsp;<\/p>\n<hr \/>\n<p><span class=\"default-style\">W zwi\u0105zku z zako\u0144czeniem post\u0119powania z dnia 10.01.2024 roku obejmuj\u0105cego zam\u00f3wienie na\u00a0<strong>us\u0142ugi<\/strong>\u00a0<strong>administrowania infrastruktur\u0105 komputerow\u0105 i sieciow\u0105 oraz serwisowanie urz\u0105dze\u0144 drukuj\u0105cych w ZS Bolechowo w roku 2024<\/strong>,\u00a0 uprzejmie informuj\u0119, \u017ce oferty w wy\u017cej wymienionym post\u0119powaniu z\u0142o\u017cy\u0142y nast\u0119puj\u0105ce podmioty:<\/span><\/p>\n<div class=\"default-style\"><\/div>\n<div class=\"default-style\">&#8211;\u00a0 Centrum Komputerowe GRA-COM.PL Gracjan Ka\u017amierczak, ul. \u015awierkowa 7, 62-095 Murowana Go\u015blina<\/div>\n<div class=\"default-style\">\n<div>&#8211;\u00a0 BeaArt Beata Nowakowska, ul. Meissnera 2F\/7, 60-408 Pozna\u0144<\/div>\n<div class=\"default-style\">&#8211; &#8221;Blisko Edukacji&#8221; Beata Strabel, Os. W\u0142adys\u0142awa Jagie\u0142\u0142y 7\/4, 60-695 Pozna\u0144<\/div>\n<div class=\"default-style\"><\/div>\n<p>W wyniku zako\u0144czenia post\u0119powania obejmuj\u0105cego wy\u017cej wymienione zam\u00f3wienie, na podstawie przyj\u0119tych kryteri\u00f3w oceny ofert, wybrano ofert\u0119 firmy &#8221;Blisko Edukacji&#8221; Beata Strabel, Os. W\u0142adys\u0142awa Jagie\u0142\u0142y 7\/4, 60-695 Pozna\u0144<\/p>\n<\/div>\n<div><\/div>\n<div><\/div>\n<hr \/>\n<p><span class=\"default-style\">W zwi\u0105zku z zako\u0144czeniem post\u0119powania z dnia 05.01.2024 roku obejmuj\u0105cego zam\u00f3wienie na<\/span><\/p>\n<div><strong>zakup artyku\u0142\u00f3w biurowych i papieru<\/strong>\u00a0<strong>na potrzeby szko\u0142y w Bolechowie i w Murowanej Go\u015blinie\u00a0<\/strong><span class=\"default-style\"><strong>w roku 2024\u00a0<\/strong><\/span>,\u00a0<span class=\"default-style\">uprzejmie informuj\u0119, \u017ce oferty w post\u0119powaniu z\u0142o\u017cy\u0142y nast\u0119puj\u0105ce podmioty:\u00a0<\/span><\/div>\n<div class=\"default-style\"><\/div>\n<div class=\"default-style\">&#8211; PHU SAWO, Os. Boles\u0142awa \u015amia\u0142ego 31E, 60-682 Pozna\u0144<\/div>\n<div class=\"default-style\">&#8211; Ravena Polska, ul. Mickiewicza 24a, 60-836 Pozna\u0144<\/div>\n<div class=\"default-style\">&#8211; Biuropoz, os. W\u0142adys\u0142awa Jagie\u0142\u0142y 24\/6, 60-694 Pozna\u0144<\/div>\n<div class=\"default-style\"><\/div>\n<div class=\"default-style\">W wyniku zako\u0144czenia post\u0119powania obejmuj\u0105cego wy\u017cej wymienione zam\u00f3wienie, na podstawie przyj\u0119tych kryteri\u00f3w oceny ofert,\u00a0 wybrano ofert\u0119 firmy\u00a0<strong>PHU SAWO, Os. Boles\u0142awa \u015amia\u0142ego 31E, 60-682 Pozna\u0144.<\/strong><\/div>\n<div><\/div>\n<div><\/div>\n<hr \/>\n<p><span class=\"default-style\">W zwi\u0105zku z zako\u0144czeniem post\u0119powania z dnia 05.01.2024 roku obejmuj\u0105cego zam\u00f3wienie na<strong>\u00a0z<\/strong><\/span><strong>akup chemii gospodarczej, \u015brodk\u00f3w higieny, artyku\u0142\u00f3w ma\u0142ego agd na potrzeby szko\u0142y w Bolechowie i w Murowanej Go\u015blinie w roku 2024<\/strong>,\u00a0<span class=\"default-style\">uprzejmie informuj\u0119, \u017ce oferty w post\u0119powaniu z\u0142o\u017cy\u0142y nast\u0119puj\u0105ce podmioty:\u00a0<\/span><\/p>\n<div class=\"default-style\"><\/div>\n<div class=\"default-style\">&#8211; PHU SAWO, Os. Boles\u0142awa \u015amia\u0142ego 31E, 60-682 Pozna\u0144<\/div>\n<div class=\"default-style\">&#8211; Ravena Polska, ul. Mickiewicza 24a, 60-836 Pozna\u0144<\/div>\n<div class=\"default-style\">&#8211; Biuropoz, os. W\u0142adys\u0142awa Jagie\u0142\u0142y 24\/6, 60-694 Pozna\u0144<\/div>\n<div class=\"default-style\"><\/div>\n<div class=\"default-style\">W wyniku zako\u0144czenia post\u0119powania obejmuj\u0105cego wy\u017cej wymienione zam\u00f3wienie, na podstawie przyj\u0119tych kryteri\u00f3w oceny ofert,\u00a0 wybrano ofert\u0119 firmy\u00a0<strong>PHU SAWO, Os. Boles\u0142awa \u015amia\u0142ego 31E, 60-682 Pozna\u0144.<\/strong><\/div>\n<div><\/div>\n<div><\/div>\n<hr \/>\n<p><span class=\"default-style\">W zwi\u0105zku z zako\u0144czeniem post\u0119powania z dnia 03.01.2024 roku obejmuj\u0105cego zam\u00f3wienie na\u00a0<strong>\u015bwiadczenie us\u0142ug transportowych dla uczni\u00f3w ZS Bolechowo<\/strong>\u00a0<strong>w roku 2024\u00a0<\/strong><\/span>,\u00a0<span class=\"default-style\">uprzejmie informuj\u0119, \u017ce oferty w post\u0119powaniu z\u0142o\u017cy\u0142y nast\u0119puj\u0105ce podmioty:\u00a0<\/span><\/p>\n<div class=\"default-style\"><\/div>\n<div class=\"default-style\">&#8211; P.P.H.U. SOBIS BUS PAWE\u0141 SOBCZAK, ul. Trzemesze\u0144ska 8a, 61-038 Pozna\u0144<\/div>\n<div class=\"default-style\">\n<div>&#8211; PRZEDSI\u0118BIORSTWO US\u0141UG LE\u015aNYCH ROSIAK JOLANTA, Rakownia 11B, 62-095 Murowana Go\u015blin<\/div>\n<div class=\"default-style\">&#8211; OCH TRAVEL Sp. z o.o., ul. Masztalarska 8A\/13, 61-767 Pozna\u0144<\/div>\n<div class=\"default-style\"><\/div>\n<p>W wyniku zako\u0144czenia post\u0119powania obejmuj\u0105cego wy\u017cej wymienione zam\u00f3wienie, na podstawie przyj\u0119tych kryteri\u00f3w oceny ofert,\u00a0 wybrano ofert\u0119 firmy<\/p>\n<\/div>\n<div class=\"default-style\"><strong>P.P.H.U. SOBIS BUS PAWE\u0141 SOBCZAK, ul. Trzemesze\u0144ska 8a, 61-038 Pozna\u0144.<\/strong><\/div>\n","protected":false},"excerpt":{"rendered":"<p>&nbsp; W zwi\u0105zku z zako\u0144czeniem post\u0119powania z dnia 09.10.2024 roku obejmuj\u0105cego zam\u00f3wienie na\u00a0napraw\u0119 po\u0142aci dachowej na budynku szko\u0142y w Bolechowie wraz z napraw\u0105 rynny na przybud\u00f3wce dachowej przy wyj\u015bciu na dach,\u00a0 uprzejmie informuj\u0119, \u017ce oferty w wy\u017cej wymienionym post\u0119powaniu z\u0142o\u017cy\u0142y nast\u0119puj\u0105ce podmioty: &#8211; MA-BUD US\u0141UGI REMONTOWO BUDOWLANE Agnieszka Budny, ul. Gnie\u017anie\u0144ska 22A, 62-095 Murowana Go\u015blina;&hellip; <a class=\"more-link\" href=\"https:\/\/bip.zsbolechowo.edu.pl\/?page_id=643\">Czytaj dalej <span class=\"screen-reader-text\">Wyniki post\u0119powa\u0144 2024<\/span><\/a><\/p>\n","protected":false},"author":1,"featured_media":0,"parent":0,"menu_order":0,"comment_status":"closed","ping_status":"closed","template":"","meta":{"_lmt_disableupdate":"no","_lmt_disable":"","footnotes":""},"class_list":["post-643","page","type-page","status-publish","hentry","entry"],"yoast_head":"<!-- This site is optimized with the Yoast SEO plugin v20.5 - https:\/\/yoast.com\/wordpress\/plugins\/seo\/ -->\n<title>Wyniki post\u0119powa\u0144 2024 - BIP Zespo\u0142u Szk\u00f3\u0142 im. Gen. Dezyderego Ch\u0142apowskiego w Bolechowie<\/title>\n<meta name=\"robots\" content=\"index, follow, max-snippet:-1, max-image-preview:large, max-video-preview:-1\" \/>\n<link rel=\"canonical\" href=\"https:\/\/bip.zsbolechowo.edu.pl\/?page_id=643\" \/>\n<meta property=\"og:locale\" content=\"pl_PL\" \/>\n<meta property=\"og:type\" content=\"article\" \/>\n<meta property=\"og:title\" content=\"Wyniki post\u0119powa\u0144 2024 - BIP Zespo\u0142u Szk\u00f3\u0142 im. Gen. Dezyderego Ch\u0142apowskiego w Bolechowie\" \/>\n<meta property=\"og:description\" content=\"&nbsp; W zwi\u0105zku z zako\u0144czeniem post\u0119powania z dnia 09.10.2024 roku obejmuj\u0105cego zam\u00f3wienie na\u00a0napraw\u0119 po\u0142aci dachowej na budynku szko\u0142y w Bolechowie wraz z napraw\u0105 rynny na przybud\u00f3wce dachowej przy wyj\u015bciu na dach,\u00a0 uprzejmie informuj\u0119, \u017ce oferty w wy\u017cej wymienionym post\u0119powaniu z\u0142o\u017cy\u0142y nast\u0119puj\u0105ce podmioty: &#8211; MA-BUD US\u0141UGI REMONTOWO BUDOWLANE Agnieszka Budny, ul. Gnie\u017anie\u0144ska 22A, 62-095 Murowana Go\u015blina;&hellip; Czytaj dalej Wyniki post\u0119powa\u0144 2024\" \/>\n<meta property=\"og:url\" content=\"https:\/\/bip.zsbolechowo.edu.pl\/?page_id=643\" \/>\n<meta property=\"og:site_name\" content=\"BIP Zespo\u0142u Szk\u00f3\u0142 im. Gen. Dezyderego Ch\u0142apowskiego w Bolechowie\" \/>\n<meta property=\"article:modified_time\" content=\"2025-05-30T14:19:58+00:00\" \/>\n<meta name=\"twitter:card\" content=\"summary_large_image\" \/>\n<meta name=\"twitter:label1\" content=\"Szacowany czas czytania\" \/>\n\t<meta name=\"twitter:data1\" content=\"4 minuty\" \/>\n<script type=\"application\/ld+json\" class=\"yoast-schema-graph\">{\"@context\":\"https:\/\/schema.org\",\"@graph\":[{\"@type\":\"WebPage\",\"@id\":\"https:\/\/bip.zsbolechowo.edu.pl\/?page_id=643\",\"url\":\"https:\/\/bip.zsbolechowo.edu.pl\/?page_id=643\",\"name\":\"Wyniki post\u0119powa\u0144 2024 - BIP Zespo\u0142u Szk\u00f3\u0142 im. Gen. Dezyderego Ch\u0142apowskiego w Bolechowie\",\"isPartOf\":{\"@id\":\"https:\/\/bip.zsbolechowo.edu.pl\/#website\"},\"datePublished\":\"2024-01-10T10:15:53+00:00\",\"dateModified\":\"2025-05-30T14:19:58+00:00\",\"breadcrumb\":{\"@id\":\"https:\/\/bip.zsbolechowo.edu.pl\/?page_id=643#breadcrumb\"},\"inLanguage\":\"pl-PL\",\"potentialAction\":[{\"@type\":\"ReadAction\",\"target\":[\"https:\/\/bip.zsbolechowo.edu.pl\/?page_id=643\"]}]},{\"@type\":\"BreadcrumbList\",\"@id\":\"https:\/\/bip.zsbolechowo.edu.pl\/?page_id=643#breadcrumb\",\"itemListElement\":[{\"@type\":\"ListItem\",\"position\":1,\"name\":\"Strona g\u0142\u00f3wna\",\"item\":\"https:\/\/bip.zsbolechowo.edu.pl\/\"},{\"@type\":\"ListItem\",\"position\":2,\"name\":\"Wyniki post\u0119powa\u0144 2024\"}]},{\"@type\":\"WebSite\",\"@id\":\"https:\/\/bip.zsbolechowo.edu.pl\/#website\",\"url\":\"https:\/\/bip.zsbolechowo.edu.pl\/\",\"name\":\"BIP Zespo\u0142u Szk\u00f3\u0142 im. Gen. Dezyderego Ch\u0142apowskiego w Bolechowie\",\"description\":\"Biuletyn Informacji Publicznej Zespo\u0142u Szk\u00f3\u0142 im. Gen. Dezyderego Ch\u0142apowskiego w Bolechowie\",\"potentialAction\":[{\"@type\":\"SearchAction\",\"target\":{\"@type\":\"EntryPoint\",\"urlTemplate\":\"https:\/\/bip.zsbolechowo.edu.pl\/?s={search_term_string}\"},\"query-input\":\"required name=search_term_string\"}],\"inLanguage\":\"pl-PL\"}]}<\/script>\n<!-- \/ Yoast SEO plugin. -->","yoast_head_json":{"title":"Wyniki post\u0119powa\u0144 2024 - BIP Zespo\u0142u Szk\u00f3\u0142 im. Gen. Dezyderego Ch\u0142apowskiego w Bolechowie","robots":{"index":"index","follow":"follow","max-snippet":"max-snippet:-1","max-image-preview":"max-image-preview:large","max-video-preview":"max-video-preview:-1"},"canonical":"https:\/\/bip.zsbolechowo.edu.pl\/?page_id=643","og_locale":"pl_PL","og_type":"article","og_title":"Wyniki post\u0119powa\u0144 2024 - BIP Zespo\u0142u Szk\u00f3\u0142 im. Gen. Dezyderego Ch\u0142apowskiego w Bolechowie","og_description":"&nbsp; W zwi\u0105zku z zako\u0144czeniem post\u0119powania z dnia 09.10.2024 roku obejmuj\u0105cego zam\u00f3wienie na\u00a0napraw\u0119 po\u0142aci dachowej na budynku szko\u0142y w Bolechowie wraz z napraw\u0105 rynny na przybud\u00f3wce dachowej przy wyj\u015bciu na dach,\u00a0 uprzejmie informuj\u0119, \u017ce oferty w wy\u017cej wymienionym post\u0119powaniu z\u0142o\u017cy\u0142y nast\u0119puj\u0105ce podmioty: &#8211; MA-BUD US\u0141UGI REMONTOWO BUDOWLANE Agnieszka Budny, ul. Gnie\u017anie\u0144ska 22A, 62-095 Murowana Go\u015blina;&hellip; Czytaj dalej Wyniki post\u0119powa\u0144 2024","og_url":"https:\/\/bip.zsbolechowo.edu.pl\/?page_id=643","og_site_name":"BIP Zespo\u0142u Szk\u00f3\u0142 im. Gen. Dezyderego Ch\u0142apowskiego w Bolechowie","article_modified_time":"2025-05-30T14:19:58+00:00","twitter_card":"summary_large_image","twitter_misc":{"Szacowany czas czytania":"4 minuty"},"schema":{"@context":"https:\/\/schema.org","@graph":[{"@type":"WebPage","@id":"https:\/\/bip.zsbolechowo.edu.pl\/?page_id=643","url":"https:\/\/bip.zsbolechowo.edu.pl\/?page_id=643","name":"Wyniki post\u0119powa\u0144 2024 - BIP Zespo\u0142u Szk\u00f3\u0142 im. Gen. Dezyderego Ch\u0142apowskiego w Bolechowie","isPartOf":{"@id":"https:\/\/bip.zsbolechowo.edu.pl\/#website"},"datePublished":"2024-01-10T10:15:53+00:00","dateModified":"2025-05-30T14:19:58+00:00","breadcrumb":{"@id":"https:\/\/bip.zsbolechowo.edu.pl\/?page_id=643#breadcrumb"},"inLanguage":"pl-PL","potentialAction":[{"@type":"ReadAction","target":["https:\/\/bip.zsbolechowo.edu.pl\/?page_id=643"]}]},{"@type":"BreadcrumbList","@id":"https:\/\/bip.zsbolechowo.edu.pl\/?page_id=643#breadcrumb","itemListElement":[{"@type":"ListItem","position":1,"name":"Strona g\u0142\u00f3wna","item":"https:\/\/bip.zsbolechowo.edu.pl\/"},{"@type":"ListItem","position":2,"name":"Wyniki post\u0119powa\u0144 2024"}]},{"@type":"WebSite","@id":"https:\/\/bip.zsbolechowo.edu.pl\/#website","url":"https:\/\/bip.zsbolechowo.edu.pl\/","name":"BIP Zespo\u0142u Szk\u00f3\u0142 im. Gen. Dezyderego Ch\u0142apowskiego w Bolechowie","description":"Biuletyn Informacji Publicznej Zespo\u0142u Szk\u00f3\u0142 im. Gen. Dezyderego Ch\u0142apowskiego w Bolechowie","potentialAction":[{"@type":"SearchAction","target":{"@type":"EntryPoint","urlTemplate":"https:\/\/bip.zsbolechowo.edu.pl\/?s={search_term_string}"},"query-input":"required name=search_term_string"}],"inLanguage":"pl-PL"}]}},"_links":{"self":[{"href":"https:\/\/bip.zsbolechowo.edu.pl\/index.php?rest_route=\/wp\/v2\/pages\/643","targetHints":{"allow":["GET"]}}],"collection":[{"href":"https:\/\/bip.zsbolechowo.edu.pl\/index.php?rest_route=\/wp\/v2\/pages"}],"about":[{"href":"https:\/\/bip.zsbolechowo.edu.pl\/index.php?rest_route=\/wp\/v2\/types\/page"}],"author":[{"embeddable":true,"href":"https:\/\/bip.zsbolechowo.edu.pl\/index.php?rest_route=\/wp\/v2\/users\/1"}],"replies":[{"embeddable":true,"href":"https:\/\/bip.zsbolechowo.edu.pl\/index.php?rest_route=%2Fwp%2Fv2%2Fcomments&post=643"}],"version-history":[{"count":11,"href":"https:\/\/bip.zsbolechowo.edu.pl\/index.php?rest_route=\/wp\/v2\/pages\/643\/revisions"}],"predecessor-version":[{"id":825,"href":"https:\/\/bip.zsbolechowo.edu.pl\/index.php?rest_route=\/wp\/v2\/pages\/643\/revisions\/825"}],"wp:attachment":[{"href":"https:\/\/bip.zsbolechowo.edu.pl\/index.php?rest_route=%2Fwp%2Fv2%2Fmedia&parent=643"}],"curies":[{"name":"wp","href":"https:\/\/api.w.org\/{rel}","templated":true}]}}