{"id":436,"date":"2023-04-13T20:33:52","date_gmt":"2023-04-13T18:33:52","guid":{"rendered":"https:\/\/bip2.zsbolechowo.edu.pl\/?page_id=436"},"modified":"2023-12-16T23:21:18","modified_gmt":"2023-12-16T22:21:18","slug":"wyniki-postepowan-2023","status":"publish","type":"page","link":"https:\/\/bip.zsbolechowo.edu.pl\/?page_id=436","title":{"rendered":"Wyniki post\u0119powa\u0144 2023"},"content":{"rendered":"<p>Po ponownej analizie otrzymanych odpowiedzi od zainteresowanych Wykonawc\u00f3w w dniu 14.12.2023 r. dotycz\u0105cych post\u0119powania : <strong>Zakup wyposa\u017cenia specjalistycznego dla ca\u0142ego OPW, kt\u00f3re rozpocz\u0119\u0142o funkcjonowanie w roku szkolnym 2023\/2024, <\/strong>podj\u0119to decyzj\u0119 o wyborze oferty firmy :<\/p>\n<p>&nbsp;<\/p>\n<p><strong>WOJ \u2013 POL Zbrze\u017aniak W. Gibzi\u0144ski J. S.C. ul. Nowa 8, 72-320 Trzebiat\u00f3w<\/strong><\/p>\n<p><strong>\u00a0<\/strong><\/p>\n<hr \/>\n<p>&nbsp;<\/p>\n<p>Wykonawc\u0119 wybrano z uwagi na propozycj\u0119 realizacji najwi\u0119kszej ilo\u015bci asortymentu z zam\u00f3wienia, do dnia 27.12.2023 roku.<\/p>\n<p>Zako\u0144czenie post\u0119powania na zakup wszystkich element\u00f3w ubioru dla ka\u017cdego ucznia OPW i zakup wyposa\u017cenia specjalistycznego dla ca\u0142ego OPW rozpoczynaj\u0105cego funkcjonowanie i nauk\u0119 w klasie I w roku szkolnym 2023\/2024.<\/p>\n<p>Link do ca\u0142ego pisma: <a href=\"https:\/\/bip.zsbolechowo.edu.pl\/wp-content\/uploads\/2023\/12\/Wyniki-postepowania-OPW-12.12.2023-r.-1.pdf\">Wyniki post\u0119powania OPW 12.12.2023 r. <\/a><\/p>\n<p>&nbsp;<\/p>\n<hr \/>\n<p>&nbsp;<\/p>\n<p>W zwi\u0105zku z zako\u0144czeniem post\u0119powania z dnia 19.01.2023 roku obejmuj\u0105cego zam\u00f3wienie na zakup wraz z dostaw\u0105 i monta\u017cem 4 klimatyzator\u00f3w z przeznaczeniem na wyposa\u017cenie pomieszcze\u0144 serwerowni, biblioteki i sali komputerowej nr 124 mieszcz\u0105cych si\u0119 w szkole w Bolechowie, uprzejmie informuj\u0119, \u017ce oferty w wy\u017cej wymienionym post\u0119powaniu z\u0142o\u017cy\u0142y nast\u0119puj\u0105ce podmioty:<\/p>\n<p>&#8211; Klima Perfect Serwis, ul. Boles\u0142awa Chrobrego 13, 64-500 Szamotu\u0142y<br \/>\n&#8211; HausePro, ul. Wierzbowa 54, 64-514 Lulinek<br \/>\n&#8211; KWZ Wojciech Kucner, ul. Ustronie 2, 64-820 Laskowo<\/p>\n<p>W wyniku zako\u0144czenia post\u0119powania obejmuj\u0105cego wy\u017cej wymienione zam\u00f3wienie, na podstawie przyj\u0119tych kryteri\u00f3w oceny ofert, wybrano ofert\u0119 firmy Klima Perfect Serwis, ul. Boles\u0142awa Chrobrego 13, 64-500 Szamotu\u0142y.<\/p>\n<p>&nbsp;<\/p>\n<div class=\"default-style\">\n<div class=\"default-style\">\n<div class=\"default-style\">\n<div class=\"default-style\"><\/div>\n<div class=\"default-style\">\n<hr \/>\n<\/div>\n<\/div>\n<\/div>\n<\/div>\n<div class=\"default-style\"><\/div>\n<h3><\/h3>\n<h3><span style=\"background-color: var(--global--color-background); color: var(--global--color-primary); font-family: var(--global--font-secondary); font-size: var(--global--font-size-base);\">W zwi\u0105zku z zako\u0144czeniem post\u0119powania z dnia 20.02.2023 roku obejmuj\u0105cego zam\u00f3wienie na:<\/span><\/h3>\n<div class=\"default-style\">\n<div class=\"default-style\">\n<div><\/div>\n<div class=\"default-style\"><strong>1) Zakup wraz z dostaw\u0105 90 sto\u0142\u00f3w uczniowskich 1-osobowych z przeznaczeniem na wyposa\u017cenie sal lekcyjnych w budynku szko\u0142y w Bolechowie i w budynku szko\u0142y w Murowanej Go\u015blinie,<\/strong><br \/>\n<strong>2) Zakup wraz z dostaw\u0105 90 krzese\u0142 uczniowskich z przeznaczeniem na wyposa\u017cenie sal lekcyjnych w budynku szko\u0142y w Bolechowie i w budynku szko\u0142y w Murowanej Go\u015blinie,<\/strong><br \/>\n<strong>3) Zakup wraz z dostaw\u0105 jednego sto\u0142u 2-osobowego do pracowni biologicznej mieszcz\u0105cej si\u0119 w budynku szko\u0142y w Bolechowie,<\/strong><br \/>\n<strong>4) Zakup wraz z dostaw\u0105 jednego zestawu szafek do pracowni biologicznej mieszcz\u0105cej si\u0119 w budynku szko\u0142y w Bolechowie,<\/strong><br \/>\n<strong>5) Zakup wraz z dostaw\u0105 pi\u0119ciu rega\u0142\u00f3w metalowych do pracowni informatycznej mieszcz\u0105cej si\u0119 w budynku szko\u0142y w Bolechowie,<\/strong><\/div>\n<\/div>\n<\/div>\n<div><\/div>\n<div><\/div>\n<div class=\"default-style\">\n<div class=\"default-style\">\n<div class=\"default-style\">\u00a0<span class=\"default-style\">uprzejmie informuj\u0119, \u017ce oferty w wy\u017cej wymienionym post\u0119powaniu z\u0142o\u017cy\u0142y nast\u0119puj\u0105ce podmioty:<\/span><\/div>\n<div><\/div>\n<div class=\"default-style\">\n<div class=\"default-style\"><\/div>\n<div class=\"default-style\">&#8211; F.H.U. SUPELLEX Krzysztof Krajewski, ul. Metalowc\u00f3w 6, 44-109 Gliwice<\/div>\n<div class=\"default-style\">\n<div>&#8211; Biuro Meble Sp. z o.o., ul. W\u0142adys\u0142awa Cie\u015blaka 6 A, 78-400 Szczecinek<\/div>\n<div class=\"default-style\">&#8211; METALBIT Sabuda, Ko\u0144czyk sp. j., ul. Zwyci\u0119zc\u00f3w 26, 78-460 Barwice<\/div>\n<div><\/div>\n<p>W wyniku zako\u0144czenia post\u0119powania obejmuj\u0105cego wy\u017cej wymienione zam\u00f3wienie, na podstawie przyj\u0119tych kryteri\u00f3w oceny ofert,\u00a0 wybrano ofert\u0119 firmy METALBIT Sabuda, Ko\u0144czyk sp. j., ul. Zwyci\u0119zc\u00f3w 26, 78-460 Barwice.<\/p>\n<p>&nbsp;<\/p>\n<\/div>\n<div class=\"default-style\"><\/div>\n<div class=\"default-style\">\n<hr \/>\n<\/div>\n<\/div>\n<\/div>\n<\/div>\n<div class=\"default-style\"><\/div>\n<div class=\"default-style\">\n<div class=\"default-style\">\n<div class=\"default-style\">\n<div class=\"default-style\">\n<p>&nbsp;<\/p>\n<p><span class=\"default-style\">W zwi\u0105zku z zako\u0144czeniem post\u0119powania z dnia 20.02.2023 roku obejmuj\u0105cego zam\u00f3wienie na\u00a0<strong>zakup wraz z dostaw\u0105 8 sztuk sze\u015bciokomorowej szafki skrytkowej \u00a0z przeznaczeniem na wyposa\u017cenie pomieszcze\u0144 budynku w Bolechowie<\/strong>,\u00a0 uprzejmie informuj\u0119, \u017ce oferty w wy\u017cej wymienionym post\u0119powaniu z\u0142o\u017cy\u0142y nast\u0119puj\u0105ce podmioty:<\/span><\/p>\n<\/div>\n<\/div>\n<\/div>\n<\/div>\n<p>&nbsp;<\/p>\n<div class=\"default-style\">\n<div class=\"default-style\">\n<div class=\"default-style\">\n<div class=\"default-style\">\n<div class=\"default-style\">&#8211; eM Meble Biurowe, ul. J\u00f3zefowska 90, 40-145 Katowice<\/div>\n<div class=\"default-style\">\n<div>&#8211; Lobby-meble, ul. Pacho\u0144skiego 7A, 31-223 Krak\u00f3w<\/div>\n<div class=\"default-style\">&#8211; Budo-EX Tomasz Borsuk, ul. Krowoderskich Zuch\u00f3w 3 lok. 29, 31-371 Krak\u00f3w<\/div>\n<div class=\"default-style\"><\/div>\n<p>W wyniku zako\u0144czenia post\u0119powania obejmuj\u0105cego wy\u017cej wymienione zam\u00f3wienie, na podstawie przyj\u0119tych kryteri\u00f3w oceny ofert,\u00a0 wybrano ofert\u0119 firmy Lobby-meble, ul. Pacho\u0144skiego 7A, 31-223 Krak\u00f3w.<\/p>\n<p>&nbsp;<\/p>\n<\/div>\n<div class=\"default-style\"><\/div>\n<div class=\"default-style\">\n<hr \/>\n<\/div>\n<\/div>\n<\/div>\n<\/div>\n<div class=\"default-style\"><\/div>\n<div class=\"default-style\">\n<p>&nbsp;<\/p>\n<p><span class=\"default-style\">W zwi\u0105zku z zako\u0144czeniem post\u0119powania z dnia 13.01.2023 roku obejmuj\u0105cego zam\u00f3wienie na\u00a0<strong>us\u0142ugi<\/strong><strong>administrowania infrastruktur\u0105 komputerow\u0105 i sieciow\u0105 oraz serwisowanie urz\u0105dze\u0144 drukuj\u0105cych w ZS Bolechowo<\/strong>,\u00a0 uprzejmie informuj\u0119, \u017ce oferty w wy\u017cej wymienionym post\u0119powaniu z\u0142o\u017cy\u0142y nast\u0119puj\u0105ce podmioty:<\/span><\/p>\n<div class=\"default-style\"><\/div>\n<div class=\"default-style\">&#8211; &#8221;Gra-Com&#8221; Gracjan Ka\u017amierczak, ul. \u015awierkowa 7, 62-095 Murowana Go\u015blina<\/div>\n<div class=\"default-style\">\n<div>&#8211;\u00a0 BeaArt Beata Nowakowska, ul. Meissnera 2F\/7, 60-408 Pozna\u0144<\/div>\n<div class=\"default-style\">&#8211; &#8221;Blisko Edukacji&#8221; Beata Strabel, Os. W\u0142adys\u0142awa Jagie\u0142\u0142y 7\/4, 60-695 Pozna\u0144<\/div>\n<div class=\"default-style\"><\/div>\n<p>W wyniku zako\u0144czenia post\u0119powania obejmuj\u0105cego wy\u017cej wymienione zam\u00f3wienie, na podstawie przyj\u0119tych kryteri\u00f3w oceny ofert, wybrano ofert\u0119 firmy &#8221;Blisko Edukacji&#8221; Beata Strabel, Os. W\u0142adys\u0142awa Jagie\u0142\u0142y 7\/4, 60-695 Pozna\u0144<\/p>\n<p>&nbsp;<\/p>\n<\/div>\n<div class=\"default-style\"><\/div>\n<div class=\"default-style\">\n<hr \/>\n<\/div>\n<div class=\"default-style\"><\/div>\n<div class=\"default-style\">\n<p>&nbsp;<\/p>\n<p><span class=\"default-style\">W zwi\u0105zku z zako\u0144czeniem post\u0119powania z dnia 13.01.2023 roku obejmuj\u0105cego zam\u00f3wienie na\u00a0<strong>zakup toner\u00f3w do urz\u0105dze\u0144 drukuj\u0105cych w roku szkolnym 2023 w ZS Bolechowo<\/strong>,\u00a0 uprzejmie informuj\u0119, \u017ce oferty w wy\u017cej wymienionym post\u0119powaniu z\u0142o\u017cy\u0142y nast\u0119puj\u0105ce podmioty:<\/span><\/p>\n<div class=\"default-style\"><\/div>\n<div class=\"default-style\">&#8211; TECH-INFO Oprogramowanie dla firm, Miros\u0142aw Promi\u0144ski, ul. Ma\u0142achowskiego 8\/P1, 61-129 Pozna\u0144<\/div>\n<div class=\"default-style\">\n<div>&#8211; Hartcom Dariusz Hartmann, ul. Ogrodnicza 47, 62-002 Suchy Las<\/div>\n<div class=\"default-style\">&#8211; PRYZMAT, ul. Grochowska 45a, 60-277 Pozna\u0144<\/div>\n<div class=\"default-style\"><\/div>\n<p>W wyniku zako\u0144czenia post\u0119powania obejmuj\u0105cego wy\u017cej wymienione zam\u00f3wienie, na podstawie przyj\u0119tych kryteri\u00f3w oceny ofert,\u00a0 wybrano ofert\u0119 firmy PRYZMAT, ul. Grochowska 45a, 60-277 Pozna\u0144.<\/p>\n<\/div>\n<\/div>\n<\/div>\n<\/div>\n<div class=\"default-style\"><\/div>\n<div class=\"default-style\">\n<p><span class=\"default-style\">W zwi\u0105zku z zako\u0144czeniem post\u0119powania z dnia 09.01.2023 roku obejmuj\u0105cego zam\u00f3wienie na<strong>\u00a0zakup chemii gospodarczej, \u015brodk\u00f3w higieny, artyku\u0142\u00f3w ma\u0142ego agd\u00a0<\/strong>\u00a0na potrzeby szko\u0142y w Bolechowie i w Murowanej Go\u015blinie,\u00a0 uprzejmie informuj\u0119, \u017ce oferty w wy\u017cej wymienionym post\u0119powaniu z\u0142o\u017cy\u0142y nast\u0119puj\u0105ce podmioty:<\/span><\/p>\n<div class=\"default-style\"><\/div>\n<div class=\"default-style\">&#8211; BIUROPOZ Agnieszka Wa\u015bci\u0144ska, os. W\u0142adys\u0142awa Jagie\u0142\u0142y 24\/6, 60-694\u00a0Pozna\u0144<\/div>\n<div class=\"default-style\">\n<div>&#8211; RAVENA POLSKA, ul. Mickiewicza 24a, 60-836 Pozna\u0144<\/div>\n<div class=\"default-style\">&#8211; PHU SAWO S\u0142awomir Andrzejewski, Os. Boles\u0142awa \u015amia\u0142ego 31E, 60-682 Pozna\u0144<\/div>\n<div class=\"default-style\"><\/div>\n<p>W wyniku zako\u0144czenia post\u0119powania obejmuj\u0105cego wy\u017cej wymienione zam\u00f3wienie, na podstawie przyj\u0119tych kryteri\u00f3w oceny ofert,\u00a0 wybrano ofert\u0119 firmy PHU SAWO S\u0142awomir Andrzejewski, Os. Boles\u0142awa \u015amia\u0142ego 31E, 60-682 Pozna\u0144.<\/p>\n<p>&nbsp;<\/p>\n<\/div>\n<div class=\"default-style\"><\/div>\n<div class=\"default-style\">\n<hr \/>\n<\/div>\n<div class=\"default-style\"><\/div>\n<div class=\"default-style\">\n<p>&nbsp;<\/p>\n<p><span class=\"default-style\">W zwi\u0105zku z zako\u0144czeniem post\u0119powania z dnia 09.01.2023 roku obejmuj\u0105cego zam\u00f3wienie na\u00a0<strong>zakup artyku\u0142\u00f3w biurowych i papieru<\/strong>\u00a0na potrzeby szko\u0142y w Bolechowie i w Murowanej Go\u015blinie,\u00a0 uprzejmie informuj\u0119, \u017ce oferty w wy\u017cej wymienionym post\u0119powaniu z\u0142o\u017cy\u0142y nast\u0119puj\u0105ce podmioty:<\/span><\/p>\n<div class=\"default-style\"><\/div>\n<div class=\"default-style\">&#8211; BIUROPOZ Agnieszka Wa\u015bci\u0144ska, os. W\u0142adys\u0142awa Jagie\u0142\u0142y 24\/6, 60-694\u00a0Pozna\u0144<\/div>\n<div class=\"default-style\">\n<div>&#8211; RAVENA POLSKA, ul. Mickiewicza 24a, 60-836 Pozna\u0144<\/div>\n<div class=\"default-style\">&#8211; PHU SAWO S\u0142awomir Andrzejewski, Os. Boles\u0142awa \u015amia\u0142ego 31E, 60-682 Pozna\u0144<\/div>\n<div class=\"default-style\"><\/div>\n<p>W wyniku zako\u0144czenia post\u0119powania obejmuj\u0105cego wy\u017cej wymienione zam\u00f3wienie, na podstawie przyj\u0119tych kryteri\u00f3w oceny ofert,\u00a0 wybrano ofert\u0119 firmy PHU SAWO S\u0142awomir Andrzejewski.<\/p>\n<\/div>\n<\/div>\n<\/div>\n","protected":false},"excerpt":{"rendered":"<p>Po ponownej analizie otrzymanych odpowiedzi od zainteresowanych Wykonawc\u00f3w w dniu 14.12.2023 r. dotycz\u0105cych post\u0119powania : Zakup wyposa\u017cenia specjalistycznego dla ca\u0142ego OPW, kt\u00f3re rozpocz\u0119\u0142o funkcjonowanie w roku szkolnym 2023\/2024, podj\u0119to decyzj\u0119 o wyborze oferty firmy : &nbsp; WOJ \u2013 POL Zbrze\u017aniak W. Gibzi\u0144ski J. S.C. ul. Nowa 8, 72-320 Trzebiat\u00f3w \u00a0 &nbsp; Wykonawc\u0119 wybrano z uwagi&hellip; <a class=\"more-link\" href=\"https:\/\/bip.zsbolechowo.edu.pl\/?page_id=436\">Czytaj dalej <span class=\"screen-reader-text\">Wyniki post\u0119powa\u0144 2023<\/span><\/a><\/p>\n","protected":false},"author":1,"featured_media":0,"parent":0,"menu_order":0,"comment_status":"closed","ping_status":"closed","template":"","meta":{"_lmt_disableupdate":"no","_lmt_disable":"","footnotes":""},"class_list":["post-436","page","type-page","status-publish","hentry","entry"],"yoast_head":"<!-- This site is optimized with the Yoast SEO plugin v20.5 - https:\/\/yoast.com\/wordpress\/plugins\/seo\/ -->\n<title>Wyniki post\u0119powa\u0144 2023 - BIP Zespo\u0142u Szk\u00f3\u0142 im. Gen. Dezyderego Ch\u0142apowskiego w Bolechowie<\/title>\n<meta name=\"robots\" content=\"index, follow, max-snippet:-1, max-image-preview:large, max-video-preview:-1\" \/>\n<link rel=\"canonical\" href=\"https:\/\/bip.zsbolechowo.edu.pl\/?page_id=436\" \/>\n<meta property=\"og:locale\" content=\"pl_PL\" \/>\n<meta property=\"og:type\" content=\"article\" \/>\n<meta property=\"og:title\" content=\"Wyniki post\u0119powa\u0144 2023 - BIP Zespo\u0142u Szk\u00f3\u0142 im. Gen. Dezyderego Ch\u0142apowskiego w Bolechowie\" \/>\n<meta property=\"og:description\" content=\"Po ponownej analizie otrzymanych odpowiedzi od zainteresowanych Wykonawc\u00f3w w dniu 14.12.2023 r. dotycz\u0105cych post\u0119powania : Zakup wyposa\u017cenia specjalistycznego dla ca\u0142ego OPW, kt\u00f3re rozpocz\u0119\u0142o funkcjonowanie w roku szkolnym 2023\/2024, podj\u0119to decyzj\u0119 o wyborze oferty firmy : &nbsp; WOJ \u2013 POL Zbrze\u017aniak W. Gibzi\u0144ski J. S.C. ul. Nowa 8, 72-320 Trzebiat\u00f3w \u00a0 &nbsp; Wykonawc\u0119 wybrano z uwagi&hellip; Czytaj dalej Wyniki post\u0119powa\u0144 2023\" \/>\n<meta property=\"og:url\" content=\"https:\/\/bip.zsbolechowo.edu.pl\/?page_id=436\" \/>\n<meta property=\"og:site_name\" content=\"BIP Zespo\u0142u Szk\u00f3\u0142 im. Gen. Dezyderego Ch\u0142apowskiego w Bolechowie\" \/>\n<meta property=\"article:modified_time\" content=\"2023-12-16T22:21:18+00:00\" \/>\n<meta name=\"twitter:card\" content=\"summary_large_image\" \/>\n<meta name=\"twitter:label1\" content=\"Szacowany czas czytania\" \/>\n\t<meta name=\"twitter:data1\" content=\"5 minut\" \/>\n<script type=\"application\/ld+json\" class=\"yoast-schema-graph\">{\"@context\":\"https:\/\/schema.org\",\"@graph\":[{\"@type\":\"WebPage\",\"@id\":\"https:\/\/bip.zsbolechowo.edu.pl\/?page_id=436\",\"url\":\"https:\/\/bip.zsbolechowo.edu.pl\/?page_id=436\",\"name\":\"Wyniki post\u0119powa\u0144 2023 - BIP Zespo\u0142u Szk\u00f3\u0142 im. Gen. Dezyderego Ch\u0142apowskiego w Bolechowie\",\"isPartOf\":{\"@id\":\"https:\/\/bip.zsbolechowo.edu.pl\/#website\"},\"datePublished\":\"2023-04-13T18:33:52+00:00\",\"dateModified\":\"2023-12-16T22:21:18+00:00\",\"breadcrumb\":{\"@id\":\"https:\/\/bip.zsbolechowo.edu.pl\/?page_id=436#breadcrumb\"},\"inLanguage\":\"pl-PL\",\"potentialAction\":[{\"@type\":\"ReadAction\",\"target\":[\"https:\/\/bip.zsbolechowo.edu.pl\/?page_id=436\"]}]},{\"@type\":\"BreadcrumbList\",\"@id\":\"https:\/\/bip.zsbolechowo.edu.pl\/?page_id=436#breadcrumb\",\"itemListElement\":[{\"@type\":\"ListItem\",\"position\":1,\"name\":\"Strona g\u0142\u00f3wna\",\"item\":\"https:\/\/bip.zsbolechowo.edu.pl\/\"},{\"@type\":\"ListItem\",\"position\":2,\"name\":\"Wyniki post\u0119powa\u0144 2023\"}]},{\"@type\":\"WebSite\",\"@id\":\"https:\/\/bip.zsbolechowo.edu.pl\/#website\",\"url\":\"https:\/\/bip.zsbolechowo.edu.pl\/\",\"name\":\"BIP Zespo\u0142u Szk\u00f3\u0142 im. Gen. Dezyderego Ch\u0142apowskiego w Bolechowie\",\"description\":\"Biuletyn Informacji Publicznej Zespo\u0142u Szk\u00f3\u0142 im. Gen. Dezyderego Ch\u0142apowskiego w Bolechowie\",\"potentialAction\":[{\"@type\":\"SearchAction\",\"target\":{\"@type\":\"EntryPoint\",\"urlTemplate\":\"https:\/\/bip.zsbolechowo.edu.pl\/?s={search_term_string}\"},\"query-input\":\"required name=search_term_string\"}],\"inLanguage\":\"pl-PL\"}]}<\/script>\n<!-- \/ Yoast SEO plugin. -->","yoast_head_json":{"title":"Wyniki post\u0119powa\u0144 2023 - BIP Zespo\u0142u Szk\u00f3\u0142 im. Gen. Dezyderego Ch\u0142apowskiego w Bolechowie","robots":{"index":"index","follow":"follow","max-snippet":"max-snippet:-1","max-image-preview":"max-image-preview:large","max-video-preview":"max-video-preview:-1"},"canonical":"https:\/\/bip.zsbolechowo.edu.pl\/?page_id=436","og_locale":"pl_PL","og_type":"article","og_title":"Wyniki post\u0119powa\u0144 2023 - BIP Zespo\u0142u Szk\u00f3\u0142 im. Gen. Dezyderego Ch\u0142apowskiego w Bolechowie","og_description":"Po ponownej analizie otrzymanych odpowiedzi od zainteresowanych Wykonawc\u00f3w w dniu 14.12.2023 r. dotycz\u0105cych post\u0119powania : Zakup wyposa\u017cenia specjalistycznego dla ca\u0142ego OPW, kt\u00f3re rozpocz\u0119\u0142o funkcjonowanie w roku szkolnym 2023\/2024, podj\u0119to decyzj\u0119 o wyborze oferty firmy : &nbsp; WOJ \u2013 POL Zbrze\u017aniak W. Gibzi\u0144ski J. S.C. ul. Nowa 8, 72-320 Trzebiat\u00f3w \u00a0 &nbsp; Wykonawc\u0119 wybrano z uwagi&hellip; Czytaj dalej Wyniki post\u0119powa\u0144 2023","og_url":"https:\/\/bip.zsbolechowo.edu.pl\/?page_id=436","og_site_name":"BIP Zespo\u0142u Szk\u00f3\u0142 im. Gen. Dezyderego Ch\u0142apowskiego w Bolechowie","article_modified_time":"2023-12-16T22:21:18+00:00","twitter_card":"summary_large_image","twitter_misc":{"Szacowany czas czytania":"5 minut"},"schema":{"@context":"https:\/\/schema.org","@graph":[{"@type":"WebPage","@id":"https:\/\/bip.zsbolechowo.edu.pl\/?page_id=436","url":"https:\/\/bip.zsbolechowo.edu.pl\/?page_id=436","name":"Wyniki post\u0119powa\u0144 2023 - BIP Zespo\u0142u Szk\u00f3\u0142 im. Gen. Dezyderego Ch\u0142apowskiego w Bolechowie","isPartOf":{"@id":"https:\/\/bip.zsbolechowo.edu.pl\/#website"},"datePublished":"2023-04-13T18:33:52+00:00","dateModified":"2023-12-16T22:21:18+00:00","breadcrumb":{"@id":"https:\/\/bip.zsbolechowo.edu.pl\/?page_id=436#breadcrumb"},"inLanguage":"pl-PL","potentialAction":[{"@type":"ReadAction","target":["https:\/\/bip.zsbolechowo.edu.pl\/?page_id=436"]}]},{"@type":"BreadcrumbList","@id":"https:\/\/bip.zsbolechowo.edu.pl\/?page_id=436#breadcrumb","itemListElement":[{"@type":"ListItem","position":1,"name":"Strona g\u0142\u00f3wna","item":"https:\/\/bip.zsbolechowo.edu.pl\/"},{"@type":"ListItem","position":2,"name":"Wyniki post\u0119powa\u0144 2023"}]},{"@type":"WebSite","@id":"https:\/\/bip.zsbolechowo.edu.pl\/#website","url":"https:\/\/bip.zsbolechowo.edu.pl\/","name":"BIP Zespo\u0142u Szk\u00f3\u0142 im. Gen. Dezyderego Ch\u0142apowskiego w Bolechowie","description":"Biuletyn Informacji Publicznej Zespo\u0142u Szk\u00f3\u0142 im. Gen. Dezyderego Ch\u0142apowskiego w Bolechowie","potentialAction":[{"@type":"SearchAction","target":{"@type":"EntryPoint","urlTemplate":"https:\/\/bip.zsbolechowo.edu.pl\/?s={search_term_string}"},"query-input":"required name=search_term_string"}],"inLanguage":"pl-PL"}]}},"_links":{"self":[{"href":"https:\/\/bip.zsbolechowo.edu.pl\/index.php?rest_route=\/wp\/v2\/pages\/436","targetHints":{"allow":["GET"]}}],"collection":[{"href":"https:\/\/bip.zsbolechowo.edu.pl\/index.php?rest_route=\/wp\/v2\/pages"}],"about":[{"href":"https:\/\/bip.zsbolechowo.edu.pl\/index.php?rest_route=\/wp\/v2\/types\/page"}],"author":[{"embeddable":true,"href":"https:\/\/bip.zsbolechowo.edu.pl\/index.php?rest_route=\/wp\/v2\/users\/1"}],"replies":[{"embeddable":true,"href":"https:\/\/bip.zsbolechowo.edu.pl\/index.php?rest_route=%2Fwp%2Fv2%2Fcomments&post=436"}],"version-history":[{"count":11,"href":"https:\/\/bip.zsbolechowo.edu.pl\/index.php?rest_route=\/wp\/v2\/pages\/436\/revisions"}],"predecessor-version":[{"id":604,"href":"https:\/\/bip.zsbolechowo.edu.pl\/index.php?rest_route=\/wp\/v2\/pages\/436\/revisions\/604"}],"wp:attachment":[{"href":"https:\/\/bip.zsbolechowo.edu.pl\/index.php?rest_route=%2Fwp%2Fv2%2Fmedia&parent=436"}],"curies":[{"name":"wp","href":"https:\/\/api.w.org\/{rel}","templated":true}]}}