{"id":364,"date":"2023-04-13T19:42:20","date_gmt":"2023-04-13T17:42:20","guid":{"rendered":"https:\/\/bip2.zsbolechowo.edu.pl\/?page_id=364"},"modified":"2023-04-13T20:21:30","modified_gmt":"2023-04-13T18:21:30","slug":"aktualne-oferty-pracy","status":"publish","type":"page","link":"https:\/\/bip.zsbolechowo.edu.pl\/?page_id=364","title":{"rendered":"Aktualne oferty pracy"},"content":{"rendered":"\t\t<div data-elementor-type=\"wp-page\" data-elementor-id=\"364\" class=\"elementor elementor-364\" data-elementor-settings=\"[]\">\n\t\t\t\t\t\t\t<div class=\"elementor-section-wrap\">\n\t\t\t\t\t\t\t<section class=\"elementor-section elementor-top-section elementor-element elementor-element-674d682 elementor-section-boxed elementor-section-height-default elementor-section-height-default\" data-id=\"674d682\" data-element_type=\"section\">\n\t\t\t\t\t\t<div class=\"elementor-container elementor-column-gap-default\">\n\t\t\t\t\t<div class=\"elementor-column elementor-col-100 elementor-top-column elementor-element elementor-element-3af44bc\" data-id=\"3af44bc\" data-element_type=\"column\">\n\t\t\t<div class=\"elementor-widget-wrap elementor-element-populated\">\n\t\t\t\t\t\t\t\t<div class=\"elementor-element elementor-element-b795ec0 elementor-widget elementor-widget-uael-posts\" data-id=\"b795ec0\" data-element_type=\"widget\" data-widget_type=\"uael-posts.card\">\n\t\t\t\t<div class=\"elementor-widget-container\">\n\t\t\t\t\t<div class=\"uael-post__grid-empty\">\n\t\t\t<p>Brak aktualnych og\u0142osze\u0144.<\/p>\n\t\t\t\t\t<\/div>\n\t\t\t\t<\/div>\n\t\t\t\t<\/div>\n\t\t\t\t\t<\/div>\n\t\t<\/div>\n\t\t\t\t\t\t\t<\/div>\n\t\t<\/section>\n\t\t\t\t\t\t<\/div>\n\t\t\t\t\t<\/div>\n\t\t","protected":false},"excerpt":{"rendered":"<p>REFERENT DS. FINANSOWO &#8211; KSI\u0118GOWYCH 2023-04-13 Zobacz og\u0142oszenie \u2192<\/p>\n","protected":false},"author":1,"featured_media":0,"parent":0,"menu_order":0,"comment_status":"closed","ping_status":"closed","template":"","meta":{"_lmt_disableupdate":"","_lmt_disable":"","footnotes":""},"class_list":["post-364","page","type-page","status-publish","hentry","entry"],"yoast_head":"<!-- This site is optimized with the Yoast SEO plugin v20.5 - https:\/\/yoast.com\/wordpress\/plugins\/seo\/ -->\n<title>Aktualne oferty pracy - BIP Zespo\u0142u Szk\u00f3\u0142 im. Gen. Dezyderego Ch\u0142apowskiego w Bolechowie<\/title>\n<meta name=\"robots\" content=\"index, follow, max-snippet:-1, max-image-preview:large, max-video-preview:-1\" \/>\n<link rel=\"canonical\" href=\"https:\/\/bip.zsbolechowo.edu.pl\/?page_id=364\" \/>\n<meta property=\"og:locale\" content=\"pl_PL\" \/>\n<meta property=\"og:type\" content=\"article\" \/>\n<meta property=\"og:title\" content=\"Aktualne oferty pracy - BIP Zespo\u0142u Szk\u00f3\u0142 im. Gen. Dezyderego Ch\u0142apowskiego w Bolechowie\" \/>\n<meta property=\"og:description\" content=\"REFERENT DS. FINANSOWO &#8211; KSI\u0118GOWYCH 2023-04-13 Zobacz og\u0142oszenie \u2192\" \/>\n<meta property=\"og:url\" content=\"https:\/\/bip.zsbolechowo.edu.pl\/?page_id=364\" \/>\n<meta property=\"og:site_name\" content=\"BIP Zespo\u0142u Szk\u00f3\u0142 im. Gen. Dezyderego Ch\u0142apowskiego w Bolechowie\" \/>\n<meta property=\"article:modified_time\" content=\"2023-04-13T18:21:30+00:00\" \/>\n<meta name=\"twitter:card\" content=\"summary_large_image\" \/>\n<meta name=\"twitter:label1\" content=\"Szacowany czas czytania\" \/>\n\t<meta name=\"twitter:data1\" content=\"1 minuta\" \/>\n<script type=\"application\/ld+json\" class=\"yoast-schema-graph\">{\"@context\":\"https:\/\/schema.org\",\"@graph\":[{\"@type\":\"WebPage\",\"@id\":\"https:\/\/bip.zsbolechowo.edu.pl\/?page_id=364\",\"url\":\"https:\/\/bip.zsbolechowo.edu.pl\/?page_id=364\",\"name\":\"Aktualne oferty pracy - BIP Zespo\u0142u Szk\u00f3\u0142 im. Gen. Dezyderego Ch\u0142apowskiego w Bolechowie\",\"isPartOf\":{\"@id\":\"https:\/\/bip.zsbolechowo.edu.pl\/#website\"},\"datePublished\":\"2023-04-13T17:42:20+00:00\",\"dateModified\":\"2023-04-13T18:21:30+00:00\",\"breadcrumb\":{\"@id\":\"https:\/\/bip.zsbolechowo.edu.pl\/?page_id=364#breadcrumb\"},\"inLanguage\":\"pl-PL\",\"potentialAction\":[{\"@type\":\"ReadAction\",\"target\":[\"https:\/\/bip.zsbolechowo.edu.pl\/?page_id=364\"]}]},{\"@type\":\"BreadcrumbList\",\"@id\":\"https:\/\/bip.zsbolechowo.edu.pl\/?page_id=364#breadcrumb\",\"itemListElement\":[{\"@type\":\"ListItem\",\"position\":1,\"name\":\"Strona g\u0142\u00f3wna\",\"item\":\"https:\/\/bip.zsbolechowo.edu.pl\/\"},{\"@type\":\"ListItem\",\"position\":2,\"name\":\"Aktualne oferty pracy\"}]},{\"@type\":\"WebSite\",\"@id\":\"https:\/\/bip.zsbolechowo.edu.pl\/#website\",\"url\":\"https:\/\/bip.zsbolechowo.edu.pl\/\",\"name\":\"BIP Zespo\u0142u Szk\u00f3\u0142 im. Gen. Dezyderego Ch\u0142apowskiego w Bolechowie\",\"description\":\"Biuletyn Informacji Publicznej Zespo\u0142u Szk\u00f3\u0142 im. Gen. Dezyderego Ch\u0142apowskiego w Bolechowie\",\"potentialAction\":[{\"@type\":\"SearchAction\",\"target\":{\"@type\":\"EntryPoint\",\"urlTemplate\":\"https:\/\/bip.zsbolechowo.edu.pl\/?s={search_term_string}\"},\"query-input\":\"required name=search_term_string\"}],\"inLanguage\":\"pl-PL\"}]}<\/script>\n<!-- \/ Yoast SEO plugin. -->","yoast_head_json":{"title":"Aktualne oferty pracy - BIP Zespo\u0142u Szk\u00f3\u0142 im. Gen. Dezyderego Ch\u0142apowskiego w Bolechowie","robots":{"index":"index","follow":"follow","max-snippet":"max-snippet:-1","max-image-preview":"max-image-preview:large","max-video-preview":"max-video-preview:-1"},"canonical":"https:\/\/bip.zsbolechowo.edu.pl\/?page_id=364","og_locale":"pl_PL","og_type":"article","og_title":"Aktualne oferty pracy - BIP Zespo\u0142u Szk\u00f3\u0142 im. Gen. Dezyderego Ch\u0142apowskiego w Bolechowie","og_description":"REFERENT DS. FINANSOWO &#8211; KSI\u0118GOWYCH 2023-04-13 Zobacz og\u0142oszenie \u2192","og_url":"https:\/\/bip.zsbolechowo.edu.pl\/?page_id=364","og_site_name":"BIP Zespo\u0142u Szk\u00f3\u0142 im. Gen. Dezyderego Ch\u0142apowskiego w Bolechowie","article_modified_time":"2023-04-13T18:21:30+00:00","twitter_card":"summary_large_image","twitter_misc":{"Szacowany czas czytania":"1 minuta"},"schema":{"@context":"https:\/\/schema.org","@graph":[{"@type":"WebPage","@id":"https:\/\/bip.zsbolechowo.edu.pl\/?page_id=364","url":"https:\/\/bip.zsbolechowo.edu.pl\/?page_id=364","name":"Aktualne oferty pracy - BIP Zespo\u0142u Szk\u00f3\u0142 im. Gen. Dezyderego Ch\u0142apowskiego w Bolechowie","isPartOf":{"@id":"https:\/\/bip.zsbolechowo.edu.pl\/#website"},"datePublished":"2023-04-13T17:42:20+00:00","dateModified":"2023-04-13T18:21:30+00:00","breadcrumb":{"@id":"https:\/\/bip.zsbolechowo.edu.pl\/?page_id=364#breadcrumb"},"inLanguage":"pl-PL","potentialAction":[{"@type":"ReadAction","target":["https:\/\/bip.zsbolechowo.edu.pl\/?page_id=364"]}]},{"@type":"BreadcrumbList","@id":"https:\/\/bip.zsbolechowo.edu.pl\/?page_id=364#breadcrumb","itemListElement":[{"@type":"ListItem","position":1,"name":"Strona g\u0142\u00f3wna","item":"https:\/\/bip.zsbolechowo.edu.pl\/"},{"@type":"ListItem","position":2,"name":"Aktualne oferty pracy"}]},{"@type":"WebSite","@id":"https:\/\/bip.zsbolechowo.edu.pl\/#website","url":"https:\/\/bip.zsbolechowo.edu.pl\/","name":"BIP Zespo\u0142u Szk\u00f3\u0142 im. Gen. Dezyderego Ch\u0142apowskiego w Bolechowie","description":"Biuletyn Informacji Publicznej Zespo\u0142u Szk\u00f3\u0142 im. Gen. Dezyderego Ch\u0142apowskiego w Bolechowie","potentialAction":[{"@type":"SearchAction","target":{"@type":"EntryPoint","urlTemplate":"https:\/\/bip.zsbolechowo.edu.pl\/?s={search_term_string}"},"query-input":"required name=search_term_string"}],"inLanguage":"pl-PL"}]}},"_links":{"self":[{"href":"https:\/\/bip.zsbolechowo.edu.pl\/index.php?rest_route=\/wp\/v2\/pages\/364","targetHints":{"allow":["GET"]}}],"collection":[{"href":"https:\/\/bip.zsbolechowo.edu.pl\/index.php?rest_route=\/wp\/v2\/pages"}],"about":[{"href":"https:\/\/bip.zsbolechowo.edu.pl\/index.php?rest_route=\/wp\/v2\/types\/page"}],"author":[{"embeddable":true,"href":"https:\/\/bip.zsbolechowo.edu.pl\/index.php?rest_route=\/wp\/v2\/users\/1"}],"replies":[{"embeddable":true,"href":"https:\/\/bip.zsbolechowo.edu.pl\/index.php?rest_route=%2Fwp%2Fv2%2Fcomments&post=364"}],"version-history":[{"count":10,"href":"https:\/\/bip.zsbolechowo.edu.pl\/index.php?rest_route=\/wp\/v2\/pages\/364\/revisions"}],"predecessor-version":[{"id":422,"href":"https:\/\/bip.zsbolechowo.edu.pl\/index.php?rest_route=\/wp\/v2\/pages\/364\/revisions\/422"}],"wp:attachment":[{"href":"https:\/\/bip.zsbolechowo.edu.pl\/index.php?rest_route=%2Fwp%2Fv2%2Fmedia&parent=364"}],"curies":[{"name":"wp","href":"https:\/\/api.w.org\/{rel}","templated":true}]}}