{"id":275,"date":"2023-04-13T17:34:02","date_gmt":"2023-04-13T15:34:02","guid":{"rendered":"https:\/\/bip2.zsbolechowo.edu.pl\/?page_id=275"},"modified":"2025-09-05T16:49:52","modified_gmt":"2025-09-05T14:49:52","slug":"podmiot-prowadzacy","status":"publish","type":"page","link":"https:\/\/bip.zsbolechowo.edu.pl\/","title":{"rendered":"Podmiot prowadz\u0105cy BIP"},"content":{"rendered":"<p><strong>Zesp\u00f3\u0142 Szk\u00f3\u0142 im. Gen. Dezyderego Ch\u0142apowskiego w Bolechowie<\/strong><\/p>\n<p>NIP 777-17-93-462<br \/>\nREGON 632501684<br \/>\nDyrektor: dr Marek Przybylski<\/p>\n<p>Adres do e-Dor\u0119cze\u0144: <strong>AE:PL-42899-21154-SFBTF-23<\/strong><\/p>\n<p>&nbsp;<\/p>\n<p><span style=\"text-decoration: underline;\"><strong>BUDYNEK W BOLECHOWIE<\/strong><\/span><\/p>\n<p>&nbsp;<\/p>\n<p>ul. Obornicka 1<br \/>\n62-005 Owi\u0144ska<br \/>\nz-ca dyrektora: mgr Paulina Szulc-Miko\u0142ajczak<\/p>\n<p><strong><br \/>\nTel.\/fax:<\/strong>\u00a061 8126 040<br \/>\n<strong>E-mail sekretariat:\u00a0bolechowo@zsbolechowo.pl<\/strong><\/p>\n<p>&nbsp;<\/p>\n<p><span style=\"text-decoration: underline;\"><strong>BUDYNEK W MUROWANEJ GO\u015aLINIE<\/strong><\/span><\/p>\n<p>&nbsp;<\/p>\n<p>ul. Szkolna 1<br \/>\n62-095 Murowana Go\u015blina<br \/>\nz-ca dyrektora: mgr Ma\u0142gorzata Krzyszto\u0144<\/p>\n<p><strong><br \/>\nTel:<\/strong>\u00a061 8122 491<br \/>\n<strong>E-mail sekretariat:\u00a0<a href=\"https:\/\/zsbolechowo.edu.pl\/index.php?opcja=single_post&amp;id=56\">murowana.goslina@zsbolechowo.pl<\/a><\/strong><\/p>\n<p>&nbsp;<\/p>\n<p><span style=\"text-decoration: underline;\"><strong>ORGAN PROWADZ\u0104CY SZKO\u0141\u0118<\/strong><\/span><\/p>\n<p>&nbsp;<\/p>\n<p>Powiat Pozna\u0144ski<br \/>\nul. Jackowskiego 18<br \/>\n60-509 Pozna\u0144<br \/>\n<strong>Tel:<\/strong> +48 61 8410-500<br \/>\n<strong>e-mail:<\/strong> starostwo@powiat.poznan.pl<\/p>\n","protected":false},"excerpt":{"rendered":"<p>Zesp\u00f3\u0142 Szk\u00f3\u0142 im. Gen. Dezyderego Ch\u0142apowskiego w Bolechowie NIP 777-17-93-462 REGON 632501684 Dyrektor: dr Marek Przybylski Adres do e-Dor\u0119cze\u0144: AE:PL-42899-21154-SFBTF-23 &nbsp; BUDYNEK W BOLECHOWIE &nbsp; ul. Obornicka 1 62-005 Owi\u0144ska z-ca dyrektora: mgr Paulina Szulc-Miko\u0142ajczak Tel.\/fax:\u00a061 8126 040 E-mail sekretariat:\u00a0bolechowo@zsbolechowo.pl &nbsp; BUDYNEK W MUROWANEJ GO\u015aLINIE &nbsp; ul. Szkolna 1 62-095 Murowana Go\u015blina z-ca dyrektora: mgr&hellip; <a class=\"more-link\" href=\"https:\/\/bip.zsbolechowo.edu.pl\/\">Czytaj dalej <span class=\"screen-reader-text\">Podmiot prowadz\u0105cy BIP<\/span><\/a><\/p>\n","protected":false},"author":1,"featured_media":0,"parent":0,"menu_order":0,"comment_status":"closed","ping_status":"closed","template":"","meta":{"_lmt_disableupdate":"no","_lmt_disable":"","footnotes":""},"class_list":["post-275","page","type-page","status-publish","hentry","entry"],"yoast_head":"<!-- This site is optimized with the Yoast SEO plugin v20.5 - https:\/\/yoast.com\/wordpress\/plugins\/seo\/ -->\n<title>BIP Zespo\u0142u Szk\u00f3\u0142 im. Gen. Dezyderego Ch\u0142apowskiego w Bolechowie<\/title>\n<meta name=\"robots\" content=\"index, follow, max-snippet:-1, max-image-preview:large, max-video-preview:-1\" \/>\n<link rel=\"canonical\" href=\"https:\/\/bip.zsbolechowo.edu.pl\/\" \/>\n<meta property=\"og:locale\" content=\"pl_PL\" \/>\n<meta property=\"og:type\" content=\"article\" \/>\n<meta property=\"og:title\" content=\"BIP Zespo\u0142u Szk\u00f3\u0142 im. Gen. Dezyderego Ch\u0142apowskiego w Bolechowie\" \/>\n<meta property=\"og:description\" content=\"Zesp\u00f3\u0142 Szk\u00f3\u0142 im. Gen. Dezyderego Ch\u0142apowskiego w Bolechowie NIP 777-17-93-462 REGON 632501684 Dyrektor: dr Marek Przybylski Adres do e-Dor\u0119cze\u0144: AE:PL-42899-21154-SFBTF-23 &nbsp; BUDYNEK W BOLECHOWIE &nbsp; ul. Obornicka 1 62-005 Owi\u0144ska z-ca dyrektora: mgr Paulina Szulc-Miko\u0142ajczak Tel.\/fax:\u00a061 8126 040 E-mail sekretariat:\u00a0bolechowo@zsbolechowo.pl &nbsp; BUDYNEK W MUROWANEJ GO\u015aLINIE &nbsp; ul. Szkolna 1 62-095 Murowana Go\u015blina z-ca dyrektora: mgr&hellip; Czytaj dalej Podmiot prowadz\u0105cy BIP\" \/>\n<meta property=\"og:url\" content=\"https:\/\/bip.zsbolechowo.edu.pl\/\" \/>\n<meta property=\"og:site_name\" content=\"BIP Zespo\u0142u Szk\u00f3\u0142 im. Gen. Dezyderego Ch\u0142apowskiego w Bolechowie\" \/>\n<meta property=\"article:modified_time\" content=\"2025-09-05T14:49:52+00:00\" \/>\n<meta name=\"twitter:card\" content=\"summary_large_image\" \/>\n<meta name=\"twitter:label1\" content=\"Szacowany czas czytania\" \/>\n\t<meta name=\"twitter:data1\" content=\"1 minuta\" \/>\n<script type=\"application\/ld+json\" class=\"yoast-schema-graph\">{\"@context\":\"https:\/\/schema.org\",\"@graph\":[{\"@type\":\"WebPage\",\"@id\":\"https:\/\/bip.zsbolechowo.edu.pl\/\",\"url\":\"https:\/\/bip.zsbolechowo.edu.pl\/\",\"name\":\"BIP Zespo\u0142u Szk\u00f3\u0142 im. Gen. Dezyderego Ch\u0142apowskiego w Bolechowie\",\"isPartOf\":{\"@id\":\"https:\/\/bip.zsbolechowo.edu.pl\/#website\"},\"datePublished\":\"2023-04-13T15:34:02+00:00\",\"dateModified\":\"2025-09-05T14:49:52+00:00\",\"breadcrumb\":{\"@id\":\"https:\/\/bip.zsbolechowo.edu.pl\/#breadcrumb\"},\"inLanguage\":\"pl-PL\",\"potentialAction\":[{\"@type\":\"ReadAction\",\"target\":[\"https:\/\/bip.zsbolechowo.edu.pl\/\"]}]},{\"@type\":\"BreadcrumbList\",\"@id\":\"https:\/\/bip.zsbolechowo.edu.pl\/#breadcrumb\",\"itemListElement\":[{\"@type\":\"ListItem\",\"position\":1,\"name\":\"Strona g\u0142\u00f3wna\",\"item\":\"https:\/\/bip.zsbolechowo.edu.pl\/\"},{\"@type\":\"ListItem\",\"position\":2,\"name\":\"Podmiot prowadz\u0105cy BIP\"}]},{\"@type\":\"WebSite\",\"@id\":\"https:\/\/bip.zsbolechowo.edu.pl\/#website\",\"url\":\"https:\/\/bip.zsbolechowo.edu.pl\/\",\"name\":\"BIP Zespo\u0142u Szk\u00f3\u0142 im. Gen. Dezyderego Ch\u0142apowskiego w Bolechowie\",\"description\":\"Biuletyn Informacji Publicznej Zespo\u0142u Szk\u00f3\u0142 im. Gen. Dezyderego Ch\u0142apowskiego w Bolechowie\",\"potentialAction\":[{\"@type\":\"SearchAction\",\"target\":{\"@type\":\"EntryPoint\",\"urlTemplate\":\"https:\/\/bip.zsbolechowo.edu.pl\/?s={search_term_string}\"},\"query-input\":\"required name=search_term_string\"}],\"inLanguage\":\"pl-PL\"}]}<\/script>\n<!-- \/ Yoast SEO plugin. -->","yoast_head_json":{"title":"BIP Zespo\u0142u Szk\u00f3\u0142 im. Gen. Dezyderego Ch\u0142apowskiego w Bolechowie","robots":{"index":"index","follow":"follow","max-snippet":"max-snippet:-1","max-image-preview":"max-image-preview:large","max-video-preview":"max-video-preview:-1"},"canonical":"https:\/\/bip.zsbolechowo.edu.pl\/","og_locale":"pl_PL","og_type":"article","og_title":"BIP Zespo\u0142u Szk\u00f3\u0142 im. Gen. Dezyderego Ch\u0142apowskiego w Bolechowie","og_description":"Zesp\u00f3\u0142 Szk\u00f3\u0142 im. Gen. Dezyderego Ch\u0142apowskiego w Bolechowie NIP 777-17-93-462 REGON 632501684 Dyrektor: dr Marek Przybylski Adres do e-Dor\u0119cze\u0144: AE:PL-42899-21154-SFBTF-23 &nbsp; BUDYNEK W BOLECHOWIE &nbsp; ul. Obornicka 1 62-005 Owi\u0144ska z-ca dyrektora: mgr Paulina Szulc-Miko\u0142ajczak Tel.\/fax:\u00a061 8126 040 E-mail sekretariat:\u00a0bolechowo@zsbolechowo.pl &nbsp; BUDYNEK W MUROWANEJ GO\u015aLINIE &nbsp; ul. Szkolna 1 62-095 Murowana Go\u015blina z-ca dyrektora: mgr&hellip; Czytaj dalej Podmiot prowadz\u0105cy BIP","og_url":"https:\/\/bip.zsbolechowo.edu.pl\/","og_site_name":"BIP Zespo\u0142u Szk\u00f3\u0142 im. Gen. Dezyderego Ch\u0142apowskiego w Bolechowie","article_modified_time":"2025-09-05T14:49:52+00:00","twitter_card":"summary_large_image","twitter_misc":{"Szacowany czas czytania":"1 minuta"},"schema":{"@context":"https:\/\/schema.org","@graph":[{"@type":"WebPage","@id":"https:\/\/bip.zsbolechowo.edu.pl\/","url":"https:\/\/bip.zsbolechowo.edu.pl\/","name":"BIP Zespo\u0142u Szk\u00f3\u0142 im. Gen. Dezyderego Ch\u0142apowskiego w Bolechowie","isPartOf":{"@id":"https:\/\/bip.zsbolechowo.edu.pl\/#website"},"datePublished":"2023-04-13T15:34:02+00:00","dateModified":"2025-09-05T14:49:52+00:00","breadcrumb":{"@id":"https:\/\/bip.zsbolechowo.edu.pl\/#breadcrumb"},"inLanguage":"pl-PL","potentialAction":[{"@type":"ReadAction","target":["https:\/\/bip.zsbolechowo.edu.pl\/"]}]},{"@type":"BreadcrumbList","@id":"https:\/\/bip.zsbolechowo.edu.pl\/#breadcrumb","itemListElement":[{"@type":"ListItem","position":1,"name":"Strona g\u0142\u00f3wna","item":"https:\/\/bip.zsbolechowo.edu.pl\/"},{"@type":"ListItem","position":2,"name":"Podmiot prowadz\u0105cy BIP"}]},{"@type":"WebSite","@id":"https:\/\/bip.zsbolechowo.edu.pl\/#website","url":"https:\/\/bip.zsbolechowo.edu.pl\/","name":"BIP Zespo\u0142u Szk\u00f3\u0142 im. Gen. Dezyderego Ch\u0142apowskiego w Bolechowie","description":"Biuletyn Informacji Publicznej Zespo\u0142u Szk\u00f3\u0142 im. Gen. Dezyderego Ch\u0142apowskiego w Bolechowie","potentialAction":[{"@type":"SearchAction","target":{"@type":"EntryPoint","urlTemplate":"https:\/\/bip.zsbolechowo.edu.pl\/?s={search_term_string}"},"query-input":"required name=search_term_string"}],"inLanguage":"pl-PL"}]}},"_links":{"self":[{"href":"https:\/\/bip.zsbolechowo.edu.pl\/index.php?rest_route=\/wp\/v2\/pages\/275","targetHints":{"allow":["GET"]}}],"collection":[{"href":"https:\/\/bip.zsbolechowo.edu.pl\/index.php?rest_route=\/wp\/v2\/pages"}],"about":[{"href":"https:\/\/bip.zsbolechowo.edu.pl\/index.php?rest_route=\/wp\/v2\/types\/page"}],"author":[{"embeddable":true,"href":"https:\/\/bip.zsbolechowo.edu.pl\/index.php?rest_route=\/wp\/v2\/users\/1"}],"replies":[{"embeddable":true,"href":"https:\/\/bip.zsbolechowo.edu.pl\/index.php?rest_route=%2Fwp%2Fv2%2Fcomments&post=275"}],"version-history":[{"count":27,"href":"https:\/\/bip.zsbolechowo.edu.pl\/index.php?rest_route=\/wp\/v2\/pages\/275\/revisions"}],"predecessor-version":[{"id":848,"href":"https:\/\/bip.zsbolechowo.edu.pl\/index.php?rest_route=\/wp\/v2\/pages\/275\/revisions\/848"}],"wp:attachment":[{"href":"https:\/\/bip.zsbolechowo.edu.pl\/index.php?rest_route=%2Fwp%2Fv2%2Fmedia&parent=275"}],"curies":[{"name":"wp","href":"https:\/\/api.w.org\/{rel}","templated":true}]}}